{"id":145,"date":"2018-05-03T14:06:30","date_gmt":"2018-05-03T12:06:30","guid":{"rendered":"http:\/\/alltonal.de\/?page_id=145"},"modified":"2018-05-03T15:31:51","modified_gmt":"2018-05-03T13:31:51","slug":"impressum","status":"publish","type":"page","link":"https:\/\/alltonal.de\/?page_id=145","title":{"rendered":"Impressum"},"content":{"rendered":"<p>Ensemble AllTonal<br \/>\nc\/o Annette Fredrich<br \/>\nGro\u00dfe Brunnenstra\u00dfe 46<br \/>\n22763 Hamburg<\/p>\n<div>T: +49 (0)40 881 434 53<\/div>\n<div>M: <a href=\"mailto:info@alltonal.de\">info@alltonal.de<\/a><br \/>\nW: <a href=\"https:\/\/www.alltonal.de\">www.alltonal.de<\/a><\/div>\n<p>&nbsp;<\/p>\n<p><strong>Verantwortlich f\u00fcr den Inhalt: <\/strong><br \/>\nFelix Neumann<\/p>\n<p><strong>Konzeption, Design, Programmierung:<\/strong><br \/>\nFelix Neumann<\/p>\n","protected":false},"excerpt":{"rendered":"<p>Ensemble AllTonal c\/o Annette Fredrich Gro\u00dfe Brunnenstra\u00dfe 46 22763 Hamburg T: +49 (0)40 881 434 53 M: info@alltonal.de W: www.alltonal.de &nbsp; Verantwortlich f\u00fcr den Inhalt: Felix Neumann Konzeption, Design, Programmierung: Felix Neumann<\/p>\n","protected":false},"author":1,"featured_media":0,"parent":0,"menu_order":0,"comment_status":"closed","ping_status":"closed","template":"","meta":{"footnotes":""},"_links":{"self":[{"href":"https:\/\/alltonal.de\/index.php?rest_route=\/wp\/v2\/pages\/145"}],"collection":[{"href":"https:\/\/alltonal.de\/index.php?rest_route=\/wp\/v2\/pages"}],"about":[{"href":"https:\/\/alltonal.de\/index.php?rest_route=\/wp\/v2\/types\/page"}],"author":[{"embeddable":true,"href":"https:\/\/alltonal.de\/index.php?rest_route=\/wp\/v2\/users\/1"}],"replies":[{"embeddable":true,"href":"https:\/\/alltonal.de\/index.php?rest_route=%2Fwp%2Fv2%2Fcomments&post=145"}],"version-history":[{"count":4,"href":"https:\/\/alltonal.de\/index.php?rest_route=\/wp\/v2\/pages\/145\/revisions"}],"predecessor-version":[{"id":156,"href":"https:\/\/alltonal.de\/index.php?rest_route=\/wp\/v2\/pages\/145\/revisions\/156"}],"wp:attachment":[{"href":"https:\/\/alltonal.de\/index.php?rest_route=%2Fwp%2Fv2%2Fmedia&parent=145"}],"curies":[{"name":"wp","href":"https:\/\/api.w.org\/{rel}","templated":true}]}}