{"id":149,"date":"2018-05-03T14:28:54","date_gmt":"2018-05-03T12:28:54","guid":{"rendered":"http:\/\/alltonal.de\/?page_id=149"},"modified":"2018-05-28T11:59:33","modified_gmt":"2018-05-28T09:59:33","slug":"datenschutzerklaerung","status":"publish","type":"page","link":"https:\/\/alltonal.de\/?page_id=149","title":{"rendered":"Datenschutzerkl\u00e4rung"},"content":{"rendered":"<p><strong>Datenschutzerkl\u00e4rung<\/strong><\/p>\n<p><strong>Geltungsbereich<\/strong><\/p>\n<p>Diese Datenschutzerkl\u00e4rung soll die Nutzer dieser Website gem\u00e4\u00df Bundesdatenschutzgesetz und Telemediengesetz \u00fcber die Art, den Umfang und den Zweck der Erhebung und Verwendung personenbezogener Daten durch den Websitebetreiber <a href=\"mailto:info@alltonal.de\">Ensemble AllTonal<\/a> informieren.<\/p>\n<p>Der Websitebetreiber nimmt Ihren Datenschutz sehr ernst und behandelt Ihre personenbezogenen Daten vertraulich und entsprechend der gesetzlichen Vorschriften.<\/p>\n<p>Bedenken Sie, dass die Daten\u00fcbertragung im Internet grunds\u00e4tzlich mit Sicherheitsl\u00fccken bedacht sein kann. Ein vollumf\u00e4nglicher Schutz vor dem Zugriff durch Fremde ist nicht realisierbar.<\/p>\n<h4>Zugriffsdaten<\/h4>\n<p>Der Websitebetreiber bzw. Seitenprovider erhebt Daten \u00fcber Zugriffe auf die Seite und speichert diese als \u201eServer-Logfiles\u201c ab. Folgende Daten werden so protokolliert:<\/p>\n<ul>\n<li>Besuchte Website<\/li>\n<li>Uhrzeit zum Zeitpunkt des Zugriffes<\/li>\n<li>Menge der gesendeten Daten in Byte<\/li>\n<li>Quelle\/Verweis, von welchem Sie auf die Seite gelangten<\/li>\n<li>Verwendeter Browser<\/li>\n<li>Verwendetes Betriebssystem<\/li>\n<li>Verwendete IP-Adresse<\/li>\n<\/ul>\n<p>Die erhobenen Daten dienen lediglich statistischen Auswertungen und zur Verbesserung der Website. Der Websitebetreiber beh\u00e4lt sich allerdings vor, die Server-Logfiles nachtr\u00e4glich zu \u00fcberpr\u00fcfen, sollten konkrete Anhaltspunkte auf eine rechtswidrige Nutzung hinweisen.<\/p>\n<h4>Cookies<\/h4>\n<p>Diese Website verwendet Cookies. Dabei handelt es sich um kleine Textdateien, welche auf Ihrem Endger\u00e4t gespeichert werden. Ihr Browser greift auf diese Dateien zu. Durch den Einsatz von Cookies erh\u00f6ht sich die Benutzerfreundlichkeit und Sicherheit dieser Website.<\/p>\n<p>G\u00e4ngige Browser bieten die Einstellungsoption, Cookies nicht zuzulassen. Hinweis: Es ist nicht gew\u00e4hrleistet, dass Sie auf alle Funktionen dieser Website ohne Einschr\u00e4nkungen zugreifen k\u00f6nnen, wenn Sie entsprechende Einstellungen vornehmen.<\/p>\n<h4>Umgang mit personenbezogenen Daten<\/h4>\n<p>Der Websitebetreiber erhebt, nutzt und gibt Ihre personenbezogenen Daten nur dann weiter, wenn dies im gesetzlichen Rahmen erlaubt ist oder Sie in die Datenerhebung einwilligen.<\/p>\n<p>Als personenbezogene Daten gelten s\u00e4mtliche Informationen, welche dazu dienen, Ihre Person zu bestimmen und welche zu Ihnen zur\u00fcckverfolgt werden k\u00f6nnen \u2013 also beispielsweise Ihr Name, Ihre E-Mail-Adresse und Telefonnummer.<\/p>\n<h4>Umgang mit Kontaktdaten<\/h4>\n<p>Nehmen Sie mit dem Websitebetreiber durch die angebotenen Kontaktm\u00f6glichkeiten Verbindung auf, werden Ihre Angaben gespeichert, damit auf diese zur Bearbeitung und Beantwortung Ihrer Anfrage zur\u00fcckgegriffen werden kann. Ohne Ihre Einwilligung werden diese Daten nicht an Dritte weitergegeben.<\/p>\n<h4>Umgang mit Kommentaren und Beitr\u00e4gen<\/h4>\n<p>Kommentare sind unerw\u00fcnscht und auf dieser Webseite deaktiviert.<\/p>\n<h4>Rechte des Nutzers: Auskunft, Berichtigung und L\u00f6schung<\/h4>\n<p>Sie als Nutzer erhalten auf Antrag Ihrerseits kostenlose Auskunft dar\u00fcber, welche personenbezogenen Daten \u00fcber Sie gespeichert wurden. Sofern Ihr Wunsch nicht mit einer gesetzlichen Pflicht zur Aufbewahrung von Daten (z. B. Vorratsdatenspeicherung) kollidiert, haben Sie ein Anrecht auf Berichtigung falscher Daten und auf die Sperrung oder L\u00f6schung Ihrer personenbezogenen Daten.<\/p>\n<h4><strong>Social Media Plug-ins<\/strong><\/h4>\n<p>Wir setzen auf unserer Website auf Grundlage des Art.\u00a06 Abs.\u00a01 S.\u00a01 lit.\u00a0f DSGVO Social Plug-ins des sozialen Netzwerks Facebook ein, um unser Vocalensemble hier\u00fcber bekannter zu machen. Der dahinterstehende werbliche Zweck ist als berechtigtes Interesse im Sinne der DSGVO anzusehen. Die Verantwortung f\u00fcr den datenschutzkonformen Betrieb ist durch deren jeweiligen Anbieter zu gew\u00e4hrleisten. Die Einbindung dieses Plug-ins durch uns erfolgt im Wege der sogenannten Zwei-Klick-Methode um Besucher unserer Webseite bestm\u00f6glich zu sch\u00fctzen.<\/p>\n<p>&nbsp;<\/p>\n<p><strong>Facebook:<\/strong><\/p>\n<p>Auf unserer Website kommen Social-Media Plugins von Facebook zum Einsatz, um deren Nutzung pers\u00f6nlicher zu gestalten. Hierf\u00fcr nutzen wir den \u201eLIKE\u201c oder \u201eTEILEN\u201c-Button. Es handelt sich dabei um ein Angebot von Facebook.<\/p>\n<p>Wenn Sie eine Seite unseres Webauftritts aufrufen, die ein solches Plugin enth\u00e4lt, baut Ihr Browser eine direkte Verbindung mit den Servern von Facebook auf. Der Inhalt des Plugins wird von Facebook direkt an Ihren Browser \u00fcbermittelt und von diesem in die Webseite eingebunden.<\/p>\n<p>Durch die Einbindung der Plugins erh\u00e4lt Facebook die Information, dass Ihr Browser die entsprechende Seite unseres Webauftritts aufgerufen hat, auch wenn Sie kein Facebook-Konto besitzen oder gerade nicht bei Facebook eingeloggt sind. Diese Information (einschlie\u00dflich Ihrer IP-Adresse) wird von Ihrem Browser direkt an einen Server von Facebook in den USA \u00fcbermittelt und dort gespeichert.<\/p>\n<p>Sind Sie bei Facebook eingeloggt, kann Facebook den Besuch unserer Website Ihrem Facebook-Konto direkt zuordnen. Wenn Sie mit den Plugins interagieren, zum Beispiel den \u201eLIKE\u201c oder \u201eTEILEN\u201c-Button bet\u00e4tigen, wird die entsprechende Information ebenfalls direkt an einen Server von Facebook \u00fcbermittelt und dort gespeichert. Die Informationen werden zudem auf Facebook ver\u00f6ffentlicht und Ihren Facebook-Freunden angezeigt.<\/p>\n<p>Facebook kann diese Informationen zum Zwecke der Werbung, Marktforschung und bedarfsgerechten Gestaltung der Facebook-Seiten benutzen. Hierzu werden von Facebook Nutzungs-, Interessen- und Beziehungsprofile erstellt, z.\u00a0B. um Ihre Nutzung unserer Website im Hinblick auf die Ihnen bei Facebook eingeblendeten Werbeanzeigen auszuwerten, andere Facebook-Nutzer \u00fcber Ihre Aktivit\u00e4ten auf unserer Website zu informieren und um weitere mit der Nutzung von Facebook verbundene Dienstleistungen zu erbringen.<\/p>\n<p>Wenn Sie nicht m\u00f6chten, dass Facebook die \u00fcber unseren Webauftritt gesammelten Daten Ihrem Facebook-Konto zuordnet, m\u00fcssen Sie sich vor Ihrem Besuch unserer Website bei Facebook ausloggen.<\/p>\n<p>Zweck und Umfang der Datenerhebung und die weitere Verarbeitung und Nutzung der Daten durch Facebook sowie Ihre diesbez\u00fcglichen Rechte und Einstellungsm\u00f6glichkeiten zum Schutz Ihrer Privatsph\u00e4re entnehmen Sie bitte den Datenschutzhinweisen <a href=\"https:\/\/www.facebook.com\/about\/privacy\/\">(https:\/\/www.facebook.com\/about\/privacy\/<\/a>) von Facebook.<\/p>\n<p>&nbsp;<\/p>\n","protected":false},"excerpt":{"rendered":"<p>Datenschutzerkl\u00e4rung Geltungsbereich Diese Datenschutzerkl\u00e4rung soll die Nutzer dieser Website gem\u00e4\u00df Bundesdatenschutzgesetz und Telemediengesetz \u00fcber die Art, den Umfang und den Zweck der Erhebung und Verwendung personenbezogener Daten durch den Websitebetreiber Ensemble AllTonal informieren. Der Websitebetreiber nimmt Ihren Datenschutz sehr ernst und behandelt Ihre personenbezogenen Daten vertraulich und entsprechend der gesetzlichen Vorschriften. Bedenken Sie, dass die &hellip; <a href=\"https:\/\/alltonal.de\/?page_id=149\" class=\"more-link\"><span class=\"screen-reader-text\">Datenschutzerkl\u00e4rung<\/span> weiterlesen<\/a><\/p>\n","protected":false},"author":1,"featured_media":0,"parent":0,"menu_order":0,"comment_status":"closed","ping_status":"closed","template":"","meta":{"footnotes":""},"_links":{"self":[{"href":"https:\/\/alltonal.de\/index.php?rest_route=\/wp\/v2\/pages\/149"}],"collection":[{"href":"https:\/\/alltonal.de\/index.php?rest_route=\/wp\/v2\/pages"}],"about":[{"href":"https:\/\/alltonal.de\/index.php?rest_route=\/wp\/v2\/types\/page"}],"author":[{"embeddable":true,"href":"https:\/\/alltonal.de\/index.php?rest_route=\/wp\/v2\/users\/1"}],"replies":[{"embeddable":true,"href":"https:\/\/alltonal.de\/index.php?rest_route=%2Fwp%2Fv2%2Fcomments&post=149"}],"version-history":[{"count":5,"href":"https:\/\/alltonal.de\/index.php?rest_route=\/wp\/v2\/pages\/149\/revisions"}],"predecessor-version":[{"id":159,"href":"https:\/\/alltonal.de\/index.php?rest_route=\/wp\/v2\/pages\/149\/revisions\/159"}],"wp:attachment":[{"href":"https:\/\/alltonal.de\/index.php?rest_route=%2Fwp%2Fv2%2Fmedia&parent=149"}],"curies":[{"name":"wp","href":"https:\/\/api.w.org\/{rel}","templated":true}]}}